{"id":2126,"date":"2024-02-27T12:00:11","date_gmt":"2024-02-27T12:00:11","guid":{"rendered":"https:\/\/pactualnegocios.com\/loja\/?post_type=product&#038;p=2126"},"modified":"2025-11-30T15:14:22","modified_gmt":"2025-11-30T15:14:22","slug":"ducha-higienica-com-registro-e-derivacao-stillo-ref-00823769-cobre-escovado-docol","status":"publish","type":"product","link":"https:\/\/pactualnegocios.com\/loja\/produto\/ducha-higienica-com-registro-e-derivacao-stillo-ref-00823769-cobre-escovado-docol\/","title":{"rendered":"Ducha Higi\u00eanica com Registro e Deriva\u00e7\u00e3o Stillo Ref. 00823769 Cobre Escovado Docol"},"content":{"rendered":"<p>Ducha Higi\u00eanica com Registro e Deriva\u00e7\u00e3o Stillo Ref. 00823769 Cobre Escovado Docol<\/p>\n","protected":false},"excerpt":{"rendered":"<p>Ducha Higi\u00eanica com Registro e Deriva\u00e7\u00e3o Stillo Ref. 00823769 Cobre Escovado Docol<\/p>\n","protected":false},"featured_media":2374,"template":"","meta":[],"product_brand":[],"product_cat":[24],"product_tag":[],"class_list":{"0":"post-2126","1":"product","2":"type-product","3":"status-publish","4":"has-post-thumbnail","6":"product_cat-acessorios","8":"first","9":"instock","10":"featured","11":"taxable","12":"shipping-taxable","13":"purchasable","14":"product-type-simple"},"_links":{"self":[{"href":"https:\/\/pactualnegocios.com\/loja\/wp-json\/wp\/v2\/product\/2126","targetHints":{"allow":["GET"]}}],"collection":[{"href":"https:\/\/pactualnegocios.com\/loja\/wp-json\/wp\/v2\/product"}],"about":[{"href":"https:\/\/pactualnegocios.com\/loja\/wp-json\/wp\/v2\/types\/product"}],"version-history":[{"count":3,"href":"https:\/\/pactualnegocios.com\/loja\/wp-json\/wp\/v2\/product\/2126\/revisions"}],"predecessor-version":[{"id":2375,"href":"https:\/\/pactualnegocios.com\/loja\/wp-json\/wp\/v2\/product\/2126\/revisions\/2375"}],"wp:featuredmedia":[{"embeddable":true,"href":"https:\/\/pactualnegocios.com\/loja\/wp-json\/wp\/v2\/media\/2374"}],"wp:attachment":[{"href":"https:\/\/pactualnegocios.com\/loja\/wp-json\/wp\/v2\/media?parent=2126"}],"wp:term":[{"taxonomy":"product_brand","embeddable":true,"href":"https:\/\/pactualnegocios.com\/loja\/wp-json\/wp\/v2\/product_brand?post=2126"},{"taxonomy":"product_cat","embeddable":true,"href":"https:\/\/pactualnegocios.com\/loja\/wp-json\/wp\/v2\/product_cat?post=2126"},{"taxonomy":"product_tag","embeddable":true,"href":"https:\/\/pactualnegocios.com\/loja\/wp-json\/wp\/v2\/product_tag?post=2126"}],"curies":[{"name":"wp","href":"https:\/\/api.w.org\/{rel}","templated":true}]}}