{"id":2130,"date":"2024-02-27T12:05:11","date_gmt":"2024-02-27T12:05:11","guid":{"rendered":"https:\/\/pactualnegocios.com\/loja\/?post_type=product&#038;p=2130"},"modified":"2025-12-05T17:29:53","modified_gmt":"2025-12-05T17:29:53","slug":"cuba-de-embutir-quadrada-de-30cm-l-31030-17-branco-deca","status":"publish","type":"product","link":"https:\/\/pactualnegocios.com\/loja\/produto\/cuba-de-embutir-quadrada-de-30cm-l-31030-17-branco-deca\/","title":{"rendered":"Cuba de Embutir Quadrada de 30cm L.31030.17 Branco Deca"},"content":{"rendered":"<p>Cubas Slim.<br \/>\nUma linha completa para todos os tipos de banheiro.<\/p>\n<p>Com op\u00e7\u00f5es de aplica\u00e7\u00f5es, formatos, tamanhos e cores, a linha de cubas mais completa do mercado se renova com a aplica\u00e7\u00e3o de embutir. Para ambientes com mais versatilidade, design e funcionalidade.<\/p>\n","protected":false},"excerpt":{"rendered":"<p>Cubas Slim. Uma linha completa para todos os tipos de banheiro. Com op\u00e7\u00f5es de aplica\u00e7\u00f5es, formatos, tamanhos e cores, a<\/p>\n","protected":false},"featured_media":2371,"template":"","meta":[],"product_brand":[],"product_cat":[24,304],"product_tag":[],"class_list":{"0":"post-2130","1":"product","2":"type-product","3":"status-publish","4":"has-post-thumbnail","6":"product_cat-acessorios","7":"product_cat-acessorios-para-ferramentas","9":"first","10":"instock","11":"featured","12":"purchasable","13":"product-type-simple"},"_links":{"self":[{"href":"https:\/\/pactualnegocios.com\/loja\/wp-json\/wp\/v2\/product\/2130","targetHints":{"allow":["GET"]}}],"collection":[{"href":"https:\/\/pactualnegocios.com\/loja\/wp-json\/wp\/v2\/product"}],"about":[{"href":"https:\/\/pactualnegocios.com\/loja\/wp-json\/wp\/v2\/types\/product"}],"version-history":[{"count":5,"href":"https:\/\/pactualnegocios.com\/loja\/wp-json\/wp\/v2\/product\/2130\/revisions"}],"predecessor-version":[{"id":2502,"href":"https:\/\/pactualnegocios.com\/loja\/wp-json\/wp\/v2\/product\/2130\/revisions\/2502"}],"wp:featuredmedia":[{"embeddable":true,"href":"https:\/\/pactualnegocios.com\/loja\/wp-json\/wp\/v2\/media\/2371"}],"wp:attachment":[{"href":"https:\/\/pactualnegocios.com\/loja\/wp-json\/wp\/v2\/media?parent=2130"}],"wp:term":[{"taxonomy":"product_brand","embeddable":true,"href":"https:\/\/pactualnegocios.com\/loja\/wp-json\/wp\/v2\/product_brand?post=2130"},{"taxonomy":"product_cat","embeddable":true,"href":"https:\/\/pactualnegocios.com\/loja\/wp-json\/wp\/v2\/product_cat?post=2130"},{"taxonomy":"product_tag","embeddable":true,"href":"https:\/\/pactualnegocios.com\/loja\/wp-json\/wp\/v2\/product_tag?post=2130"}],"curies":[{"name":"wp","href":"https:\/\/api.w.org\/{rel}","templated":true}]}}